{"id":2,"date":"2018-08-24T14:01:24","date_gmt":"2018-08-24T12:01:24","guid":{"rendered":"http:\/\/formation-conseil.net\/excel\/?page_id=2"},"modified":"2024-07-24T18:55:10","modified_gmt":"2024-07-24T16:55:10","slug":"page-d-exemple","status":"publish","type":"page","link":"https:\/\/formation-conseil.net\/excel\/","title":{"rendered":"Excel Expert"},"content":{"rendered":"\t\t<div data-elementor-type=\"wp-post\" data-elementor-id=\"2\" class=\"elementor elementor-2\">\n\t\t\t\t\t\t<section class=\"elementor-section elementor-top-section elementor-element elementor-element-bfb4768 elementor-section-content-middle animated-slow elementor-section-boxed elementor-section-height-default elementor-section-height-default elementor-invisible\" data-id=\"bfb4768\" data-element_type=\"section\" data-settings=\"{&quot;animation&quot;:&quot;fadeIn&quot;}\">\n\t\t\t\t\t\t<div class=\"elementor-container elementor-column-gap-narrow\">\n\t\t\t\t\t<div class=\"elementor-column elementor-col-100 elementor-top-column elementor-element elementor-element-f66dda6\" data-id=\"f66dda6\" data-element_type=\"column\">\n\t\t\t<div class=\"elementor-widget-wrap elementor-element-populated\">\n\t\t\t\t\t\t<div class=\"elementor-element elementor-element-19c6ac8 animated-slow elementor-invisible elementor-widget elementor-widget-heading\" data-id=\"19c6ac8\" data-element_type=\"widget\" data-settings=\"{&quot;_animation&quot;:&quot;fadeIn&quot;}\" data-widget_type=\"heading.default\">\n\t\t\t\t<div class=\"elementor-widget-container\">\n\t\t\t\t\t<h2 class=\"elementor-heading-title elementor-size-default\">Un expert d'Excel au service des TPE &amp; PME<\/h2>\t\t\t\t<\/div>\n\t\t\t\t<\/div>\n\t\t\t\t<div class=\"elementor-element elementor-element-e5c3ef0 animated-slow elementor-invisible elementor-widget elementor-widget-image\" data-id=\"e5c3ef0\" data-element_type=\"widget\" data-settings=\"{&quot;_animation&quot;:&quot;fadeIn&quot;}\" data-widget_type=\"image.default\">\n\t\t\t\t<div class=\"elementor-widget-container\">\n\t\t\t\t\t\t\t\t\t\t\t\t\t\t\t<img decoding=\"async\" width=\"150\" height=\"150\" src=\"https:\/\/formation-conseil.net\/excel\/wp-content\/uploads\/2018\/08\/Excel-150x150.png\" class=\"elementor-animation-pulse attachment-thumbnail size-thumbnail wp-image-101\" alt=\"\" srcset=\"https:\/\/formation-conseil.net\/excel\/wp-content\/uploads\/2018\/08\/Excel-150x150.png 150w, https:\/\/formation-conseil.net\/excel\/wp-content\/uploads\/2018\/08\/Excel-100x100.png 100w, https:\/\/formation-conseil.net\/excel\/wp-content\/uploads\/2018\/08\/Excel.png 256w\" sizes=\"100vw\" \/>\t\t\t\t\t\t\t\t\t\t\t\t\t\t\t<\/div>\n\t\t\t\t<\/div>\n\t\t\t\t<div class=\"elementor-element elementor-element-1d4a321 animated-slow elementor-invisible elementor-widget elementor-widget-text-editor\" data-id=\"1d4a321\" data-element_type=\"widget\" data-settings=\"{&quot;_animation&quot;:&quot;fadeIn&quot;}\" data-widget_type=\"text-editor.default\">\n\t\t\t\t<div class=\"elementor-widget-container\">\n\t\t\t\t\t\t\t\t\t<p style=\"text-align: justify;\"><span style=\"color: #147014;\"><strong style=\"font-size: 1rem;\">DM Consulting<\/strong><\/span><span style=\"font-size: 1rem;\"> vous conseille et vous accompagne pour la r\u00e9alisation de vos <\/span><span style=\"font-size: 1rem; color: #147014;\"><strong>classeurs EXCEL<\/strong><\/span><span style=\"font-size: 1rem;\"> :<\/span><\/p><ul><li><span style=\"color: #147014;\"><strong>Conseil<\/strong><\/span> sur l&rsquo;adaptation et la r\u00e9alisation de classeurs existants,<\/li><li><span style=\"color: #147014;\"><strong>Accompagnement pour la cr\u00e9ation<\/strong><\/span> de documents adapt\u00e9s (t<span style=\"font-size: 1rem;\">ableaux de bord, etc&#8230;),<\/span><\/li><li><span style=\"font-size: 1rem;\">Gestion et r\u00e9alisation de vos <span style=\"color: #147014;\"><strong>bases de donn\u00e9es<\/strong><\/span>,<\/span><\/li><li><span style=\"font-size: 1rem;\"><span style=\"color: #147014;\"><strong>Analyses de donn\u00e9es<\/strong><\/span>, tableaux et graphiques crois\u00e9s dynamiques,<\/span><\/li><li><span style=\"font-size: 1rem;\">Outils sur mesure avec <span style=\"color: #147014;\"><strong>macros et VBA<\/strong>.<\/span><\/span><\/li><li><span style=\"color: #147014;\"><strong>Formations<\/strong><\/span> sur mesure.<\/li><\/ul>\t\t\t\t\t\t\t\t<\/div>\n\t\t\t\t<\/div>\n\t\t\t\t\t<\/div>\n\t\t<\/div>\n\t\t\t\t\t<\/div>\n\t\t<\/section>\n\t\t\t\t<section class=\"elementor-section elementor-top-section elementor-element elementor-element-fe6e385 elementor-section-content-middle elementor-section-boxed elementor-section-height-default elementor-section-height-default\" data-id=\"fe6e385\" data-element_type=\"section\">\n\t\t\t\t\t\t<div class=\"elementor-container elementor-column-gap-default\">\n\t\t\t\t\t<div class=\"elementor-column elementor-col-100 elementor-top-column elementor-element elementor-element-f669249\" data-id=\"f669249\" data-element_type=\"column\">\n\t\t\t<div class=\"elementor-widget-wrap elementor-element-populated\">\n\t\t\t\t\t\t<div class=\"elementor-element elementor-element-5775ec8 animated-slow elementor-invisible elementor-widget elementor-widget-video\" data-id=\"5775ec8\" data-element_type=\"widget\" data-settings=\"{&quot;video_type&quot;:&quot;hosted&quot;,&quot;autoplay&quot;:&quot;yes&quot;,&quot;mute&quot;:&quot;yes&quot;,&quot;loop&quot;:&quot;yes&quot;,&quot;_animation&quot;:&quot;fadeIn&quot;}\" data-widget_type=\"video.default\">\n\t\t\t\t<div class=\"elementor-widget-container\">\n\t\t\t\t\t\t\t<div class=\"e-hosted-video elementor-wrapper elementor-open-inline\">\n\t\t\t\t\t<video class=\"elementor-video\" src=\"http:\/\/formation-conseil.net\/excel\/wp-content\/uploads\/2018\/08\/Dashboard-10847.mp4\" autoplay=\"\" loop=\"\" muted=\"muted\" controlsList=\"nodownload\"><\/video>\n\t\t\t\t<\/div>\n\t\t\t\t\t\t<\/div>\n\t\t\t\t<\/div>\n\t\t\t\t\t<\/div>\n\t\t<\/div>\n\t\t\t\t\t<\/div>\n\t\t<\/section>\n\t\t\t\t<section class=\"elementor-section elementor-top-section elementor-element elementor-element-01099ee elementor-section-content-middle elementor-section-boxed elementor-section-height-default elementor-section-height-default\" data-id=\"01099ee\" data-element_type=\"section\">\n\t\t\t\t\t\t<div class=\"elementor-container elementor-column-gap-narrow\">\n\t\t\t\t\t<div class=\"elementor-column elementor-col-33 elementor-top-column elementor-element elementor-element-41c4257\" data-id=\"41c4257\" data-element_type=\"column\">\n\t\t\t<div class=\"elementor-widget-wrap elementor-element-populated\">\n\t\t\t\t\t\t<div class=\"elementor-element elementor-element-5eeb367 elementor-widget elementor-widget-image\" data-id=\"5eeb367\" data-element_type=\"widget\" data-widget_type=\"image.default\">\n\t\t\t\t<div class=\"elementor-widget-container\">\n\t\t\t\t\t\t\t\t\t\t\t\t\t\t\t\t<a href=\"http:\/\/formation-conseil.net\/excel\/index.php\/references\/\">\n\t\t\t\t\t\t\t<img decoding=\"async\" src=\"https:\/\/formation-conseil.net\/excel\/wp-content\/uploads\/elementor\/thumbs\/431802196_7583063071743980_7965288908791101883_n-qrla2x0fehz69h82z0ky0d80dihdxtf8j1m5hr7gu8.jpg\" title=\"431802196_7583063071743980_7965288908791101883_n\" alt=\"431802196_7583063071743980_7965288908791101883_n\" class=\"elementor-animation-shrink\" loading=\"lazy\" \/>\t\t\t\t\t\t\t\t<\/a>\n\t\t\t\t\t\t\t\t\t\t\t\t\t\t\t<\/div>\n\t\t\t\t<\/div>\n\t\t\t\t<div class=\"elementor-element elementor-element-6e19305 elementor-align-center elementor-widget elementor-widget-button\" data-id=\"6e19305\" data-element_type=\"widget\" data-widget_type=\"button.default\">\n\t\t\t\t<div class=\"elementor-widget-container\">\n\t\t\t\t\t\t\t\t\t<div class=\"elementor-button-wrapper\">\n\t\t\t\t\t<a class=\"elementor-button elementor-button-link elementor-size-sm elementor-animation-pulse-grow\" href=\"http:\/\/formation-conseil.net\/excel\/index.php\/references\/\">\n\t\t\t\t\t\t<span class=\"elementor-button-content-wrapper\">\n\t\t\t\t\t\t<span class=\"elementor-button-icon\">\n\t\t\t\t\t\t\t\t\t<i class=\"fa fa-address-card\" aria-hidden=\"true\"><\/i>\n\t\t\t\t\t\t\t<\/span>\n\t\t\t\t\t\t\t\t\t<span class=\"elementor-button-text\">R\u00e9f\u00e9rences<\/span>\n\t\t\t\t\t<\/span>\n\t\t\t\t\t<\/a>\n\t\t\t\t<\/div>\n\t\t\t\t\t\t\t\t<\/div>\n\t\t\t\t<\/div>\n\t\t\t\t\t<\/div>\n\t\t<\/div>\n\t\t\t\t<div class=\"elementor-column elementor-col-33 elementor-top-column elementor-element elementor-element-43fbc7d\" data-id=\"43fbc7d\" data-element_type=\"column\">\n\t\t\t<div class=\"elementor-widget-wrap elementor-element-populated\">\n\t\t\t\t\t\t<div class=\"elementor-element elementor-element-529cf7e elementor-widget elementor-widget-image\" data-id=\"529cf7e\" data-element_type=\"widget\" data-widget_type=\"image.default\">\n\t\t\t\t<div class=\"elementor-widget-container\">\n\t\t\t\t\t\t\t\t\t\t\t\t\t\t\t\t<a href=\"http:\/\/formation-conseil.net\/excel\/index.php\/prendre-rendez-vous\/\">\n\t\t\t\t\t\t\t<img fetchpriority=\"high\" decoding=\"async\" width=\"600\" height=\"400\" src=\"https:\/\/formation-conseil.net\/excel\/wp-content\/uploads\/2018\/08\/prendrerdv.png\" class=\"elementor-animation-shrink attachment-large size-large wp-image-66\" alt=\"\" srcset=\"https:\/\/formation-conseil.net\/excel\/wp-content\/uploads\/2018\/08\/prendrerdv.png 600w, https:\/\/formation-conseil.net\/excel\/wp-content\/uploads\/2018\/08\/prendrerdv-300x200.png 300w\" sizes=\"100vw\" \/>\t\t\t\t\t\t\t\t<\/a>\n\t\t\t\t\t\t\t\t\t\t\t\t\t\t\t<\/div>\n\t\t\t\t<\/div>\n\t\t\t\t<div class=\"elementor-element elementor-element-f731570 elementor-align-center elementor-widget elementor-widget-button\" data-id=\"f731570\" data-element_type=\"widget\" data-widget_type=\"button.default\">\n\t\t\t\t<div class=\"elementor-widget-container\">\n\t\t\t\t\t\t\t\t\t<div class=\"elementor-button-wrapper\">\n\t\t\t\t\t<a class=\"elementor-button elementor-button-link elementor-size-sm elementor-animation-pulse-grow\" href=\"http:\/\/formation-conseil.net\/excel\/index.php\/prendre-rendez-vous\/\">\n\t\t\t\t\t\t<span class=\"elementor-button-content-wrapper\">\n\t\t\t\t\t\t<span class=\"elementor-button-icon\">\n\t\t\t\t\t\t\t\t\t<i class=\"fa fa-calendar-check-o\" aria-hidden=\"true\"><\/i>\n\t\t\t\t\t\t\t<\/span>\n\t\t\t\t\t\t\t\t\t<span class=\"elementor-button-text\">Rendez-vous<\/span>\n\t\t\t\t\t<\/span>\n\t\t\t\t\t<\/a>\n\t\t\t\t<\/div>\n\t\t\t\t\t\t\t\t<\/div>\n\t\t\t\t<\/div>\n\t\t\t\t\t<\/div>\n\t\t<\/div>\n\t\t\t\t<div class=\"elementor-column elementor-col-33 elementor-top-column elementor-element elementor-element-d14f375\" data-id=\"d14f375\" data-element_type=\"column\">\n\t\t\t<div class=\"elementor-widget-wrap elementor-element-populated\">\n\t\t\t\t\t\t<div class=\"elementor-element elementor-element-f93fc60 elementor-widget elementor-widget-image\" data-id=\"f93fc60\" data-element_type=\"widget\" data-widget_type=\"image.default\">\n\t\t\t\t<div class=\"elementor-widget-container\">\n\t\t\t\t\t\t\t\t\t\t\t\t\t\t\t\t<a href=\"http:\/\/formation-conseil.net\/excel\/index.php\/prendre-rendez-vous\/\">\n\t\t\t\t\t\t\t<img decoding=\"async\" width=\"644\" height=\"430\" src=\"https:\/\/formation-conseil.net\/excel\/wp-content\/uploads\/2018\/08\/home-office-336377_1920-1024x683.jpg\" class=\"elementor-animation-shrink attachment-large size-large wp-image-8\" alt=\"\" srcset=\"https:\/\/formation-conseil.net\/excel\/wp-content\/uploads\/2018\/08\/home-office-336377_1920-1024x683.jpg 1024w, https:\/\/formation-conseil.net\/excel\/wp-content\/uploads\/2018\/08\/home-office-336377_1920-300x200.jpg 300w, https:\/\/formation-conseil.net\/excel\/wp-content\/uploads\/2018\/08\/home-office-336377_1920-768x512.jpg 768w, https:\/\/formation-conseil.net\/excel\/wp-content\/uploads\/2018\/08\/home-office-336377_1920.jpg 1920w\" sizes=\"100vw\" \/>\t\t\t\t\t\t\t\t<\/a>\n\t\t\t\t\t\t\t\t\t\t\t\t\t\t\t<\/div>\n\t\t\t\t<\/div>\n\t\t\t\t<div class=\"elementor-element elementor-element-972fbfc elementor-align-center elementor-widget elementor-widget-button\" data-id=\"972fbfc\" data-element_type=\"widget\" data-widget_type=\"button.default\">\n\t\t\t\t<div class=\"elementor-widget-container\">\n\t\t\t\t\t\t\t\t\t<div class=\"elementor-button-wrapper\">\n\t\t\t\t\t<a class=\"elementor-button elementor-button-link elementor-size-sm elementor-animation-pulse-grow\" href=\"http:\/\/formation-conseil.net\/excel\/index.php\/prendre-rendez-vous\/\">\n\t\t\t\t\t\t<span class=\"elementor-button-content-wrapper\">\n\t\t\t\t\t\t<span class=\"elementor-button-icon\">\n\t\t\t\t\t\t\t\t\t<i class=\"fa fa-envelope\" aria-hidden=\"true\"><\/i>\n\t\t\t\t\t\t\t<\/span>\n\t\t\t\t\t\t\t\t\t<span class=\"elementor-button-text\">Contact<\/span>\n\t\t\t\t\t<\/span>\n\t\t\t\t\t<\/a>\n\t\t\t\t<\/div>\n\t\t\t\t\t\t\t\t<\/div>\n\t\t\t\t<\/div>\n\t\t\t\t\t<\/div>\n\t\t<\/div>\n\t\t\t\t\t<\/div>\n\t\t<\/section>\n\t\t\t\t<\/div>\n\t\t","protected":false},"excerpt":{"rendered":"<p>Un expert d&rsquo;Excel au service des TPE &amp; PME DM Consulting vous conseille et vous accompagne pour la r\u00e9alisation de vos classeurs EXCEL : Conseil sur l&rsquo;adaptation et la r\u00e9alisation de classeurs existants, Accompagnement pour la cr\u00e9ation de documents adapt\u00e9s (tableaux de bord, etc&#8230;), Gestion et r\u00e9alisation de vos bases de donn\u00e9es, Analyses de donn\u00e9es, &hellip; <\/p>\n<p class=\"link-more\"><a href=\"https:\/\/formation-conseil.net\/excel\/\" class=\"more-link\">Continuer la lecture<span class=\"screen-reader-text\"> de &laquo;&nbsp;Excel Expert&nbsp;&raquo;<\/span><\/a><\/p>\n","protected":false},"author":1,"featured_media":0,"parent":0,"menu_order":0,"comment_status":"closed","ping_status":"open","template":"elementor_header_footer","meta":{"footnotes":""},"class_list":["post-2","page","type-page","status-publish","hentry"],"_links":{"self":[{"href":"https:\/\/formation-conseil.net\/excel\/index.php\/wp-json\/wp\/v2\/pages\/2","targetHints":{"allow":["GET"]}}],"collection":[{"href":"https:\/\/formation-conseil.net\/excel\/index.php\/wp-json\/wp\/v2\/pages"}],"about":[{"href":"https:\/\/formation-conseil.net\/excel\/index.php\/wp-json\/wp\/v2\/types\/page"}],"author":[{"embeddable":true,"href":"https:\/\/formation-conseil.net\/excel\/index.php\/wp-json\/wp\/v2\/users\/1"}],"replies":[{"embeddable":true,"href":"https:\/\/formation-conseil.net\/excel\/index.php\/wp-json\/wp\/v2\/comments?post=2"}],"version-history":[{"count":44,"href":"https:\/\/formation-conseil.net\/excel\/index.php\/wp-json\/wp\/v2\/pages\/2\/revisions"}],"predecessor-version":[{"id":171,"href":"https:\/\/formation-conseil.net\/excel\/index.php\/wp-json\/wp\/v2\/pages\/2\/revisions\/171"}],"wp:attachment":[{"href":"https:\/\/formation-conseil.net\/excel\/index.php\/wp-json\/wp\/v2\/media?parent=2"}],"curies":[{"name":"wp","href":"https:\/\/api.w.org\/{rel}","templated":true}]}}