{"id":17,"date":"2018-08-24T15:17:13","date_gmt":"2018-08-24T13:17:13","guid":{"rendered":"http:\/\/formation-conseil.net\/wordpress\/?page_id=17"},"modified":"2018-08-24T15:26:34","modified_gmt":"2018-08-24T13:26:34","slug":"politique-de-confidentialite","status":"publish","type":"page","link":"https:\/\/formation-conseil.net\/wordpress\/index.php\/politique-de-confidentialite\/","title":{"rendered":"Politique de confidentialit\u00e9 &#8211; Mentions l\u00e9gales"},"content":{"rendered":"<h2>Qui sommes-nous\u00a0?<\/h2>\n<p>L\u2019adresse de notre site Web est http:\/\/formation-conseil.net\/wordpress\/ ou encore http:\/\/www.wordpressexpert.fr .<\/p>\n<p>Division Conseil et Expertise WordPress du cabinet de consultant David Martin &#8211; DM Consulting.<\/p>\n<h2>Utilisation des donn\u00e9es personnelles collect\u00e9es<\/h2>\n<ul>\n<li><strong>Commentaires<\/strong><\/li>\n<\/ul>\n<p>Quand vous laissez un commentaire sur notre site web, les donn\u00e9es inscrites dans le formulaire de commentaire, mais aussi votre adresse IP et l\u2019agent utilisateur de votre navigateur sont collect\u00e9s pour nous aider \u00e0 la d\u00e9tection des commentaires ind\u00e9sirables.<\/p>\n<p>Une cha\u00eene anonymis\u00e9e cr\u00e9\u00e9e \u00e0 partir de votre adresse de messagerie (\u00e9galement appel\u00e9e hash) peut \u00eatre envoy\u00e9e au service Gravatar pour v\u00e9rifier si vous utilisez ce dernier. Les clauses de confidentialit\u00e9 du service Gravatar sont disponibles ici\u00a0: https:\/\/automattic.com\/privacy\/. Apr\u00e8s validation de votre commentaire, votre photo de profil sera visible publiquement \u00e0 cot\u00e9 de votre commentaire.<\/p>\n<ul>\n<li><strong>M\u00e9dias<\/strong><\/li>\n<\/ul>\n<p>Si vous \u00eates un utilisateur ou une utilisatrice enregistr\u00e9\u00b7e et que vous t\u00e9l\u00e9versez des images sur le site web, nous vous conseillons d\u2019\u00e9viter de t\u00e9l\u00e9verser des images contenant des donn\u00e9es EXIF de coordonn\u00e9es GPS. Les visiteurs de votre site web peuvent t\u00e9l\u00e9charger et extraire des donn\u00e9es de localisation depuis ces images.<\/p>\n<ul>\n<li><strong>Formulaires de contact &#8211;\u00a0Cookies<\/strong><\/li>\n<\/ul>\n<p>Si vous d\u00e9posez un commentaire sur notre site, il vous sera propos\u00e9 d\u2019enregistrer votre nom, adresse de messagerie et site web dans des cookies. C\u2019est uniquement pour votre confort afin de ne pas avoir \u00e0 saisir ces informations si vous d\u00e9posez un autre commentaire plus tard. Ces cookies expirent au bout d\u2019un an.<\/p>\n<p>Si vous avez un compte et que vous vous connectez sur ce site, un cookie temporaire sera cr\u00e9\u00e9 afin de d\u00e9terminer si votre navigateur accepte les cookies. Il ne contient pas de donn\u00e9es personnelles et sera supprim\u00e9 automatiquement \u00e0 la fermeture de votre navigateur.<\/p>\n<p>Lorsque vous vous connecterez, nous mettrons en place un certain nombre de cookies pour enregistrer vos informations de connexion et vos pr\u00e9f\u00e9rences d\u2019\u00e9cran. La dur\u00e9e de vie d\u2019un cookie de connexion est de deux jours, celle d\u2019un cookie d\u2019option d\u2019\u00e9cran est d\u2019un an. Si vous cochez \u00ab\u00a0Se souvenir de moi\u00a0\u00bb, votre cookie de connexion sera conserv\u00e9 pendant deux semaines. Si vous vous d\u00e9connectez de votre compte, le cookie de connexion sera effac\u00e9.<\/p>\n<p>En modifiant ou en publiant un article, un cookie suppl\u00e9mentaire sera enregistr\u00e9 dans votre navigateur. Ce cookie ne comprend aucune donn\u00e9e personnelle. Il indique simplement l\u2019identifiant de l\u2019article que vous venez de modifier. Il expire au bout d\u2019un jour.<\/p>\n<ul>\n<li><strong>Contenu embarqu\u00e9 depuis d\u2019autres sites<\/strong><\/li>\n<\/ul>\n<p>Les articles de ce site peuvent inclure des contenus int\u00e9gr\u00e9s (par exemple des vid\u00e9os, images, articles\u2026). Le contenu int\u00e9gr\u00e9 depuis d\u2019autres sites se comporte de la m\u00eame mani\u00e8re que si le visiteur se rendait sur cet autre site.<\/p>\n<p>Ces sites web pourraient collecter des donn\u00e9es sur vous, utiliser des cookies, embarquer des outils de suivis tiers, suivre vos interactions avec ces contenus embarqu\u00e9s si vous disposez d\u2019un compte connect\u00e9 sur leur site web.<\/p>\n<ul>\n<li><strong>Utilisation et transmission de vos donn\u00e9es personnelles<\/strong><\/li>\n<\/ul>\n<h2>Dur\u00e9es de stockage de vos donn\u00e9es<\/h2>\n<p>Si vous laissez un commentaire, le commentaire et ses m\u00e9tadonn\u00e9es sont conserv\u00e9s ind\u00e9finiment. Cela permet de reconna\u00eetre et approuver automatiquement les commentaires suivants au lieu de les laisser dans la file de mod\u00e9ration.<\/p>\n<p>Pour les utilisateurs et utilisatrices qui s\u2019enregistrent sur notre site (si cela est possible), nous stockons \u00e9galement les donn\u00e9es personnelles indiqu\u00e9es dans leur profil. Tous les utilisateurs et utilisatrices peuvent voir, modifier ou supprimer leurs informations personnelles \u00e0 tout moment (\u00e0 l\u2019exception de leur nom d\u2019utilisateur\u00b7ice). Les gestionnaires du site peuvent aussi voir et modifier ces informations.<\/p>\n<h2>Les droits que vous avez sur vos donn\u00e9es<\/h2>\n<p>Si vous avez un compte ou si vous avez laiss\u00e9 des commentaires sur le site, vous pouvez demander \u00e0 recevoir un fichier contenant toutes les donn\u00e9es personnelles que nous poss\u00e9dons \u00e0 votre sujet, incluant celles que vous nous avez fournies. Vous pouvez \u00e9galement demander la suppression des donn\u00e9es personnelles vous concernant. Cela ne prend pas en compte les donn\u00e9es stock\u00e9es \u00e0 des fins administratives, l\u00e9gales ou pour des raisons de s\u00e9curit\u00e9.<\/p>\n<h2>Transmission de vos donn\u00e9es personnelles<\/h2>\n<p>Les commentaires des visiteurs peuvent \u00eatre v\u00e9rifi\u00e9s \u00e0 l\u2019aide d\u2019un service automatis\u00e9 de d\u00e9tection des commentaires ind\u00e9sirables.<\/p>\n<ul>\n<li><strong>Informations de contact<\/strong><\/li>\n<\/ul>\n<p>DM Consulting. David Martin.<\/p>\n<p>david @ formation \u2013 conseil . net<\/p>\n<p>Tel : + 3 3. 6. 5 8. 1 7. 2 9. 7 2.<\/p>\n<hr \/>\n<table border=\"0\" cellspacing=\"5\" cellpadding=\"5\">\n<tbody>\n<tr>\n<td><img decoding=\"async\" src=\"http:\/\/formation-conseil.net\/wp-content\/uploads\/2012\/07\/logodavid.png\" alt=\"\" \/><\/td>\n<td>\n<div class=\"t_page\">\n<p>&nbsp;<\/p>\n<h1><small>Mentions l\u00e9gales<\/small><\/h1>\n<p>&nbsp;<\/p>\n<\/div>\n<p>&nbsp;<\/p>\n<h3><small><small><small>Le pr\u00e9sent site est la propri\u00e9t\u00e9 de<\/small><\/small><\/small><\/h3>\n<h3><small><small><small>David Martin &#8211; DM Consulting<br \/>\n<\/small><\/small><\/small><\/h3>\n<p><small><small>La Colombi\u00e8re All\u00e9e C. 11, av. mar\u00e9chal Joffre<br \/>\n69630 CHAPONOST &#8211; FRANCE<br \/>\ninfo @ formation-conseil.net<br \/>\nTel : +33.6.58.17.29.72.<\/small><\/small><br \/>\n<small><small><small>SIRET : <strong>80023262100014<\/strong><\/small><\/small><\/small><\/td>\n<\/tr>\n<\/tbody>\n<\/table>\n<table border=\"0\" cellspacing=\"5\" cellpadding=\"5\">\n<tbody>\n<tr>\n<td>\n<ul>\n<li>Propri\u00e9t\u00e9 intellectuelle :<\/li>\n<\/ul>\n<p>La structure g\u00e9n\u00e9rale, codes informatiques, ainsi que les logiciels, textes, images anim\u00e9es ou non, son savoir faire, et tous autres \u00e9l\u00e9ments composants le site www.formation-conseil.net sont la propri\u00e9t\u00e9 exclusive de David Martin.<\/p>\n<p>Toute repr\u00e9sentation totale ou partielle de ce site par quelque proc\u00e9d\u00e9 que se soit, sans l&rsquo;autorisation expresse de\u00a0 David Martin est interdite et constituerait une contrefa\u00e7on sanctionn\u00e9e par les articles L.335-2 et suivants du Code de la propri\u00e9t\u00e9 intellectuelle.<\/p>\n<p>Il en est de m\u00eame des bases de donn\u00e9es figurant sur le site web, qui sont prot\u00e9g\u00e9es par les dispositions de la loi du 1er juillet 1998 portant transposition dans le Code de la propri\u00e9t\u00e9 intellectuelle de la directive europ\u00e9enne du 11 mars 1996 relative \u00e0 la protection juridique des bases de donn\u00e9es.<\/p>\n<p>Toute reproduction totale ou partielle des cr\u00e9ations multim\u00e9dias, des marques ou des logos, effectu\u00e9e \u00e0 partir des \u00e9l\u00e9ments du site sans l&rsquo;autorisation expresse\u00a0de\u00a0 David Martin est donc prohib\u00e9e, au sens de l&rsquo;article L.713-2 du Code de la propri\u00e9t\u00e9 intellectuelle.<\/p>\n<p>David Martin met tout en \u0153uvre pour offrir aux utilisateurs des informations et\/ou outils disponibles et v\u00e9rifi\u00e9s, mais ne saurait \u00eatre tenue pour responsable des erreurs, d&rsquo;une absence de disponibilit\u00e9 des informations et\/ou de la pr\u00e9sence de virus\u00a0sur son site.<\/p>\n<ul>\n<li>Les cookies :<\/li>\n<\/ul>\n<p>En poursuivant votre navigation sur ce site, vous acceptez l\u2019utilisation de\u00a0cookies\u00a0pour vous proposer une meilleur exp\u00e9rience de navigation dynamique et interactive.\u00a0<a href=\"https:\/\/www.cnil.fr\/fr\/site-web-cookies-et-autres-traceurs\" target=\"_blank\" rel=\"noopener\">Pour en savoir plus et param\u00e9trer les traceurs<\/a>&#8230;<\/p>\n<ul>\n<li>Cr\u00e9ateur du site\u00a0:<\/li>\n<\/ul>\n<p>David Martin &#8211; DM Consulting<br \/>\nSIRET : 80023262100014<br \/>\nLa Colombi\u00e8re All\u00e9e C. 11, av. mar\u00e9chal Joffre<br \/>\n69630 CHAPONOST &#8211; FRANCE<br \/>\ndavid @ formation &#8211; conseil . net<br \/>\nTel : +33.6.58.17.29.72<\/p>\n<ul>\n<li>L&rsquo;H\u00e9bergeur :<\/li>\n<\/ul>\n<p>OVH \/ SAS au capital de 10 000 000 \u20ac<br \/>\nRCS Roubaix \u2013 Tourcoing 424 761 419 00045<br \/>\nCode APE 6202A<br \/>\nN\u00b0 TVA : FR 22 424 761 419<br \/>\nSi\u00e8ge social : 2 rue Kellermann &#8211; 59100 Roubaix &#8211; France.<\/p>\n<ul>\n<li>Directeur de la publication\u00a0:<\/li>\n<\/ul>\n<p>David Martin.<br \/>\nLa Colombi\u00e8re All\u00e9e C. 11, av. mar\u00e9chal Joffre<br \/>\n69630 CHAPONOST &#8211; FRANCE<br \/>\ndavid @ formation &#8211; conseil . net<br \/>\nTel : +33.6.58.17.29.72<\/td>\n<\/tr>\n<\/tbody>\n<\/table>\n<h2><\/h2>\n","protected":false},"excerpt":{"rendered":"<p>Qui sommes-nous\u00a0? L\u2019adresse de notre site Web est http:\/\/formation-conseil.net\/wordpress\/ ou encore http:\/\/www.wordpressexpert.fr . Division Conseil et Expertise WordPress du cabinet de consultant David Martin &#8211; DM Consulting. Utilisation des donn\u00e9es personnelles collect\u00e9es Commentaires Quand vous laissez un commentaire sur notre site web, les donn\u00e9es inscrites dans le formulaire de commentaire, mais aussi votre adresse IP &hellip; <\/p>\n<p class=\"link-more\"><a href=\"https:\/\/formation-conseil.net\/wordpress\/index.php\/politique-de-confidentialite\/\" class=\"more-link\">Continuer la lecture<span class=\"screen-reader-text\"> de &laquo;&nbsp;Politique de confidentialit\u00e9 &#8211; Mentions l\u00e9gales&nbsp;&raquo;<\/span><\/a><\/p>\n","protected":false},"author":1,"featured_media":0,"parent":0,"menu_order":0,"comment_status":"closed","ping_status":"closed","template":"","meta":{"footnotes":""},"class_list":["post-17","page","type-page","status-publish","hentry"],"_links":{"self":[{"href":"https:\/\/formation-conseil.net\/wordpress\/index.php\/wp-json\/wp\/v2\/pages\/17","targetHints":{"allow":["GET"]}}],"collection":[{"href":"https:\/\/formation-conseil.net\/wordpress\/index.php\/wp-json\/wp\/v2\/pages"}],"about":[{"href":"https:\/\/formation-conseil.net\/wordpress\/index.php\/wp-json\/wp\/v2\/types\/page"}],"author":[{"embeddable":true,"href":"https:\/\/formation-conseil.net\/wordpress\/index.php\/wp-json\/wp\/v2\/users\/1"}],"replies":[{"embeddable":true,"href":"https:\/\/formation-conseil.net\/wordpress\/index.php\/wp-json\/wp\/v2\/comments?post=17"}],"version-history":[{"count":7,"href":"https:\/\/formation-conseil.net\/wordpress\/index.php\/wp-json\/wp\/v2\/pages\/17\/revisions"}],"predecessor-version":[{"id":24,"href":"https:\/\/formation-conseil.net\/wordpress\/index.php\/wp-json\/wp\/v2\/pages\/17\/revisions\/24"}],"wp:attachment":[{"href":"https:\/\/formation-conseil.net\/wordpress\/index.php\/wp-json\/wp\/v2\/media?parent=17"}],"curies":[{"name":"wp","href":"https:\/\/api.w.org\/{rel}","templated":true}]}}