{"id":2,"date":"2018-08-24T14:02:25","date_gmt":"2018-08-24T12:02:25","guid":{"rendered":"http:\/\/formation-conseil.net\/wordpress\/?page_id=2"},"modified":"2024-07-24T19:02:49","modified_gmt":"2024-07-24T17:02:49","slug":"page-d-exemple","status":"publish","type":"page","link":"https:\/\/formation-conseil.net\/wordpress\/","title":{"rendered":"WordPress Expert"},"content":{"rendered":"\t\t<div data-elementor-type=\"wp-post\" data-elementor-id=\"2\" class=\"elementor elementor-2\">\n\t\t\t\t\t\t<section class=\"elementor-section elementor-top-section elementor-element elementor-element-66139c1 elementor-section-content-middle animated-slow elementor-section-boxed elementor-section-height-default elementor-section-height-default elementor-invisible\" data-id=\"66139c1\" data-element_type=\"section\" data-e-type=\"section\" data-settings=\"{&quot;animation&quot;:&quot;fadeIn&quot;}\">\n\t\t\t\t\t\t<div class=\"elementor-container elementor-column-gap-narrow\">\n\t\t\t\t\t<div class=\"elementor-column elementor-col-100 elementor-top-column elementor-element elementor-element-28d606d\" data-id=\"28d606d\" data-element_type=\"column\" data-e-type=\"column\">\n\t\t\t<div class=\"elementor-widget-wrap elementor-element-populated\">\n\t\t\t\t\t\t<div class=\"elementor-element elementor-element-6896413 animated-slow elementor-invisible elementor-widget elementor-widget-heading\" data-id=\"6896413\" data-element_type=\"widget\" data-e-type=\"widget\" data-settings=\"{&quot;_animation&quot;:&quot;fadeIn&quot;}\" data-widget_type=\"heading.default\">\n\t\t\t\t<div class=\"elementor-widget-container\">\n\t\t\t\t\t<h2 class=\"elementor-heading-title elementor-size-default\"><strong>Un expert de WordPress au service des TPE &amp; PME.<\/strong><\/h2>\t\t\t\t<\/div>\n\t\t\t\t<\/div>\n\t\t\t\t<div class=\"elementor-element elementor-element-e599fd1 animated-slow elementor-invisible elementor-widget elementor-widget-image\" data-id=\"e599fd1\" data-element_type=\"widget\" data-e-type=\"widget\" data-settings=\"{&quot;_animation&quot;:&quot;zoomIn&quot;}\" data-widget_type=\"image.default\">\n\t\t\t\t<div class=\"elementor-widget-container\">\n\t\t\t\t\t\t\t\t\t\t\t\t\t\t\t<img decoding=\"async\" width=\"128\" height=\"128\" src=\"https:\/\/formation-conseil.net\/wordpress\/wp-content\/uploads\/2018\/08\/wordpress.png\" class=\"elementor-animation-pulse-shrink attachment-large size-large wp-image-95\" alt=\"\" srcset=\"https:\/\/formation-conseil.net\/wordpress\/wp-content\/uploads\/2018\/08\/wordpress.png 128w, https:\/\/formation-conseil.net\/wordpress\/wp-content\/uploads\/2018\/08\/wordpress-100x100.png 100w\" sizes=\"100vw\" \/>\t\t\t\t\t\t\t\t\t\t\t\t\t\t\t<\/div>\n\t\t\t\t<\/div>\n\t\t\t\t<div class=\"elementor-element elementor-element-449712f animated-slow elementor-invisible elementor-widget elementor-widget-text-editor\" data-id=\"449712f\" data-element_type=\"widget\" data-e-type=\"widget\" data-settings=\"{&quot;_animation&quot;:&quot;fadeIn&quot;}\" data-widget_type=\"text-editor.default\">\n\t\t\t\t<div class=\"elementor-widget-container\">\n\t\t\t\t\t\t\t\t\t<p style=\"text-align: justify;\">Avec plus d&rsquo;un tiers des parts du march\u00e9 des CMS en 2019, et en constante progression depuis 10 ans, <span style=\"color: #3366ff;\">WordPress<\/span> <span style=\"color: #3366ff;\">s&rsquo;est impos\u00e9 comme le leader mondial des CMS<\/span> en Open Source (Content Manager System sous licence libre)\u00a0 : ces \u00ab\u00a0logiciels\u00a0\u00bb sur serveurs vous permettant de r\u00e9aliser votre site Internet.<\/p><p style=\"text-align: justify;\">Derri\u00e8re de tr\u00e8s nombreux et c\u00e9l\u00e8bres sites web, se cache WordPress&#8230; De <span style=\"color: #3366ff;\">Vogue<\/span> \u00e0 <span style=\"color: #3366ff;\">Bloomberg<\/span> en passant par <span style=\"color: #3366ff;\">Mercedes-Benz<\/span>, beaucoup d&rsquo;entreprises <span style=\"color: #3366ff;\">ont choisi WordPress<\/span> pour r\u00e9aliser leur site Internet. <span style=\"color: #3366ff;\">Alors pourquoi pas vous ?<\/span><\/p><p style=\"text-align: justify;\"><span style=\"color: #3366ff;\">DM Consulting<\/span> vous conseille et vous accompagne pour la r\u00e9alisation de vos <span style=\"color: #3366ff;\">sites Internet <\/span>:<\/p><ul><li><span style=\"color: #3366ff;\">Conseil<\/span> pour l&rsquo;adaptation et la r\u00e9alisation d&rsquo;un site web sur la base du <span style=\"color: #3366ff;\">CMS WordPress<\/span>,<\/li><li><span style=\"font-size: 1rem;\">Accompagnement pour <span style=\"color: #3366ff;\">l&rsquo;installation de votre site sur votre serveur d\u00e9di\u00e9 ou mutualis\u00e9<\/span>,<\/span><\/li><li><span style=\"color: #3366ff;\">Accompagnement pour la cr\u00e9ation<\/span> du site Internet ou <span style=\"color: #3366ff;\">r\u00e9alisation compl\u00eate<\/span>,<\/li><li><span style=\"color: #3366ff;\">Formations<\/span> sur mesure au tableau de bord du CMS WordPress.<\/li><\/ul>\t\t\t\t\t\t\t\t<\/div>\n\t\t\t\t<\/div>\n\t\t\t\t<div class=\"elementor-element elementor-element-08958c8 animated-slow elementor-invisible elementor-widget elementor-widget-image\" data-id=\"08958c8\" data-element_type=\"widget\" data-e-type=\"widget\" data-settings=\"{&quot;_animation&quot;:&quot;zoomIn&quot;}\" data-widget_type=\"image.default\">\n\t\t\t\t<div class=\"elementor-widget-container\">\n\t\t\t\t\t\t\t\t\t\t\t\t\t\t\t<img decoding=\"async\" width=\"128\" height=\"128\" src=\"https:\/\/formation-conseil.net\/wordpress\/wp-content\/uploads\/2018\/08\/wordpress.png\" class=\"attachment-large size-large wp-image-95\" alt=\"\" srcset=\"https:\/\/formation-conseil.net\/wordpress\/wp-content\/uploads\/2018\/08\/wordpress.png 128w, https:\/\/formation-conseil.net\/wordpress\/wp-content\/uploads\/2018\/08\/wordpress-100x100.png 100w\" sizes=\"100vw\" \/>\t\t\t\t\t\t\t\t\t\t\t\t\t\t\t<\/div>\n\t\t\t\t<\/div>\n\t\t\t\t\t<\/div>\n\t\t<\/div>\n\t\t\t\t\t<\/div>\n\t\t<\/section>\n\t\t\t\t<section class=\"elementor-section elementor-top-section elementor-element elementor-element-5837b78 elementor-section-content-middle elementor-section-boxed elementor-section-height-default elementor-section-height-default\" data-id=\"5837b78\" data-element_type=\"section\" data-e-type=\"section\">\n\t\t\t\t\t\t<div class=\"elementor-container elementor-column-gap-default\">\n\t\t\t\t\t<div class=\"elementor-column elementor-col-100 elementor-top-column elementor-element elementor-element-47c6e5d\" data-id=\"47c6e5d\" data-element_type=\"column\" data-e-type=\"column\">\n\t\t\t<div class=\"elementor-widget-wrap elementor-element-populated\">\n\t\t\t\t\t\t<div class=\"elementor-element elementor-element-5fb608e elementor-widget elementor-widget-video\" data-id=\"5fb608e\" data-element_type=\"widget\" data-e-type=\"widget\" data-settings=\"{&quot;video_type&quot;:&quot;hosted&quot;,&quot;autoplay&quot;:&quot;yes&quot;,&quot;mute&quot;:&quot;yes&quot;,&quot;loop&quot;:&quot;yes&quot;}\" data-widget_type=\"video.default\">\n\t\t\t\t<div class=\"elementor-widget-container\">\n\t\t\t\t\t\t\t<div class=\"e-hosted-video elementor-wrapper elementor-open-inline\">\n\t\t\t\t\t<video class=\"elementor-video\" src=\"http:\/\/formation-conseil.net\/wordpress\/wp-content\/uploads\/2018\/08\/Laptop-1657.mp4\" autoplay=\"\" loop=\"\" muted=\"muted\" controlsList=\"nodownload\"><\/video>\n\t\t\t\t<\/div>\n\t\t\t\t\t\t<\/div>\n\t\t\t\t<\/div>\n\t\t\t\t\t<\/div>\n\t\t<\/div>\n\t\t\t\t\t<\/div>\n\t\t<\/section>\n\t\t\t\t<section class=\"elementor-section elementor-top-section elementor-element elementor-element-625cefd elementor-section-content-middle elementor-section-boxed elementor-section-height-default elementor-section-height-default\" data-id=\"625cefd\" data-element_type=\"section\" data-e-type=\"section\">\n\t\t\t\t\t\t<div class=\"elementor-container elementor-column-gap-narrow\">\n\t\t\t\t\t<div class=\"elementor-column elementor-col-33 elementor-top-column elementor-element elementor-element-efabb0d\" data-id=\"efabb0d\" data-element_type=\"column\" data-e-type=\"column\">\n\t\t\t<div class=\"elementor-widget-wrap elementor-element-populated\">\n\t\t\t\t\t\t<div class=\"elementor-element elementor-element-34a82ef elementor-widget elementor-widget-image\" data-id=\"34a82ef\" data-element_type=\"widget\" data-e-type=\"widget\" data-widget_type=\"image.default\">\n\t\t\t\t<div class=\"elementor-widget-container\">\n\t\t\t\t\t\t\t\t\t\t\t\t\t\t\t\t<a href=\"http:\/\/formation-conseil.net\/wordpress\/index.php\/references\/\">\n\t\t\t\t\t\t\t<img decoding=\"async\" src=\"https:\/\/formation-conseil.net\/wordpress\/wp-content\/uploads\/elementor\/thumbs\/431802196_7583063071743980_7965288908791101883_n-qrlabmyit5wxz8k21sac55zys7hzcq1l27ibs69z40.jpg\" title=\"431802196_7583063071743980_7965288908791101883_n\" alt=\"431802196_7583063071743980_7965288908791101883_n\" class=\"elementor-animation-shrink\" loading=\"lazy\" \/>\t\t\t\t\t\t\t\t<\/a>\n\t\t\t\t\t\t\t\t\t\t\t\t\t\t\t<\/div>\n\t\t\t\t<\/div>\n\t\t\t\t<div class=\"elementor-element elementor-element-b202755 elementor-align-center elementor-widget elementor-widget-button\" data-id=\"b202755\" data-element_type=\"widget\" data-e-type=\"widget\" data-widget_type=\"button.default\">\n\t\t\t\t<div class=\"elementor-widget-container\">\n\t\t\t\t\t\t\t\t\t<div class=\"elementor-button-wrapper\">\n\t\t\t\t\t<a class=\"elementor-button elementor-button-link elementor-size-sm elementor-animation-pulse-grow\" href=\"http:\/\/formation-conseil.net\/wordpress\/index.php\/references\/\">\n\t\t\t\t\t\t<span class=\"elementor-button-content-wrapper\">\n\t\t\t\t\t\t<span class=\"elementor-button-icon\">\n\t\t\t\t\t\t\t\t\t<i class=\"fa fa-address-card\" aria-hidden=\"true\"><\/i>\n\t\t\t\t\t\t\t<\/span>\n\t\t\t\t\t\t\t\t\t<span class=\"elementor-button-text\">R\u00e9f\u00e9rences<\/span>\n\t\t\t\t\t<\/span>\n\t\t\t\t\t<\/a>\n\t\t\t\t<\/div>\n\t\t\t\t\t\t\t\t<\/div>\n\t\t\t\t<\/div>\n\t\t\t\t\t<\/div>\n\t\t<\/div>\n\t\t\t\t<div class=\"elementor-column elementor-col-33 elementor-top-column elementor-element elementor-element-89e9aa1\" data-id=\"89e9aa1\" data-element_type=\"column\" data-e-type=\"column\">\n\t\t\t<div class=\"elementor-widget-wrap elementor-element-populated\">\n\t\t\t\t\t\t<div class=\"elementor-element elementor-element-d75b8bf elementor-widget elementor-widget-image\" data-id=\"d75b8bf\" data-element_type=\"widget\" data-e-type=\"widget\" data-widget_type=\"image.default\">\n\t\t\t\t<div class=\"elementor-widget-container\">\n\t\t\t\t\t\t\t\t\t\t\t\t\t\t\t\t<a href=\"http:\/\/formation-conseil.net\/wordpress\/index.php\/prendre-rendez-vous\/\">\n\t\t\t\t\t\t\t<img fetchpriority=\"high\" decoding=\"async\" width=\"600\" height=\"400\" src=\"https:\/\/formation-conseil.net\/wordpress\/wp-content\/uploads\/2018\/08\/3.png\" class=\"elementor-animation-shrink attachment-large size-large wp-image-78\" alt=\"\" srcset=\"https:\/\/formation-conseil.net\/wordpress\/wp-content\/uploads\/2018\/08\/3.png 600w, https:\/\/formation-conseil.net\/wordpress\/wp-content\/uploads\/2018\/08\/3-300x200.png 300w\" sizes=\"100vw\" \/>\t\t\t\t\t\t\t\t<\/a>\n\t\t\t\t\t\t\t\t\t\t\t\t\t\t\t<\/div>\n\t\t\t\t<\/div>\n\t\t\t\t<div class=\"elementor-element elementor-element-c9a40af elementor-align-center elementor-widget elementor-widget-button\" data-id=\"c9a40af\" data-element_type=\"widget\" data-e-type=\"widget\" data-widget_type=\"button.default\">\n\t\t\t\t<div class=\"elementor-widget-container\">\n\t\t\t\t\t\t\t\t\t<div class=\"elementor-button-wrapper\">\n\t\t\t\t\t<a class=\"elementor-button elementor-button-link elementor-size-sm elementor-animation-pulse-grow\" href=\"http:\/\/formation-conseil.net\/wordpress\/index.php\/prendre-rendez-vous\/\">\n\t\t\t\t\t\t<span class=\"elementor-button-content-wrapper\">\n\t\t\t\t\t\t<span class=\"elementor-button-icon\">\n\t\t\t\t\t\t\t\t\t<i class=\"fa fa-calendar-check-o\" aria-hidden=\"true\"><\/i>\n\t\t\t\t\t\t\t<\/span>\n\t\t\t\t\t\t\t\t\t<span class=\"elementor-button-text\">Rendez-vous<\/span>\n\t\t\t\t\t<\/span>\n\t\t\t\t\t<\/a>\n\t\t\t\t<\/div>\n\t\t\t\t\t\t\t\t<\/div>\n\t\t\t\t<\/div>\n\t\t\t\t\t<\/div>\n\t\t<\/div>\n\t\t\t\t<div class=\"elementor-column elementor-col-33 elementor-top-column elementor-element elementor-element-f9e9c21\" data-id=\"f9e9c21\" data-element_type=\"column\" data-e-type=\"column\">\n\t\t\t<div class=\"elementor-widget-wrap elementor-element-populated\">\n\t\t\t\t\t\t<div class=\"elementor-element elementor-element-ff9344a elementor-widget elementor-widget-image\" data-id=\"ff9344a\" data-element_type=\"widget\" data-e-type=\"widget\" data-widget_type=\"image.default\">\n\t\t\t\t<div class=\"elementor-widget-container\">\n\t\t\t\t\t\t\t\t\t\t\t\t\t\t\t\t<a href=\"http:\/\/formation-conseil.net\/wordpress\/index.php\/contact\/\">\n\t\t\t\t\t\t\t<img loading=\"lazy\" decoding=\"async\" width=\"600\" height=\"400\" src=\"https:\/\/formation-conseil.net\/wordpress\/wp-content\/uploads\/2018\/08\/2.png\" class=\"elementor-animation-shrink attachment-large size-large wp-image-77\" alt=\"\" srcset=\"https:\/\/formation-conseil.net\/wordpress\/wp-content\/uploads\/2018\/08\/2.png 600w, https:\/\/formation-conseil.net\/wordpress\/wp-content\/uploads\/2018\/08\/2-300x200.png 300w\" sizes=\"100vw\" \/>\t\t\t\t\t\t\t\t<\/a>\n\t\t\t\t\t\t\t\t\t\t\t\t\t\t\t<\/div>\n\t\t\t\t<\/div>\n\t\t\t\t<div class=\"elementor-element elementor-element-7c150b1 elementor-align-center elementor-widget elementor-widget-button\" data-id=\"7c150b1\" data-element_type=\"widget\" data-e-type=\"widget\" data-widget_type=\"button.default\">\n\t\t\t\t<div class=\"elementor-widget-container\">\n\t\t\t\t\t\t\t\t\t<div class=\"elementor-button-wrapper\">\n\t\t\t\t\t<a class=\"elementor-button elementor-button-link elementor-size-sm elementor-animation-pulse-grow\" href=\"http:\/\/formation-conseil.net\/wordpress\/index.php\/prendre-rendez-vous\/\">\n\t\t\t\t\t\t<span class=\"elementor-button-content-wrapper\">\n\t\t\t\t\t\t<span class=\"elementor-button-icon\">\n\t\t\t\t\t\t\t\t\t<i class=\"fa fa-envelope\" aria-hidden=\"true\"><\/i>\n\t\t\t\t\t\t\t<\/span>\n\t\t\t\t\t\t\t\t\t<span class=\"elementor-button-text\">Contact<\/span>\n\t\t\t\t\t<\/span>\n\t\t\t\t\t<\/a>\n\t\t\t\t<\/div>\n\t\t\t\t\t\t\t\t<\/div>\n\t\t\t\t<\/div>\n\t\t\t\t\t<\/div>\n\t\t<\/div>\n\t\t\t\t\t<\/div>\n\t\t<\/section>\n\t\t\t\t<\/div>\n\t\t","protected":false},"excerpt":{"rendered":"<p>Un expert de WordPress au service des TPE &amp; PME. Avec plus d&rsquo;un tiers des parts du march\u00e9 des CMS en 2019, et en constante progression depuis 10 ans, WordPress s&rsquo;est impos\u00e9 comme le leader mondial des CMS en Open Source (Content Manager System sous licence libre)\u00a0 : ces \u00ab\u00a0logiciels\u00a0\u00bb sur serveurs vous permettant de &hellip; <\/p>\n<p class=\"link-more\"><a href=\"https:\/\/formation-conseil.net\/wordpress\/\" class=\"more-link\">Continuer la lecture<span class=\"screen-reader-text\"> de &laquo;&nbsp;WordPress Expert&nbsp;&raquo;<\/span><\/a><\/p>\n","protected":false},"author":1,"featured_media":0,"parent":0,"menu_order":0,"comment_status":"closed","ping_status":"open","template":"elementor_header_footer","meta":{"footnotes":""},"class_list":["post-2","page","type-page","status-publish","hentry"],"_links":{"self":[{"href":"https:\/\/formation-conseil.net\/wordpress\/index.php\/wp-json\/wp\/v2\/pages\/2","targetHints":{"allow":["GET"]}}],"collection":[{"href":"https:\/\/formation-conseil.net\/wordpress\/index.php\/wp-json\/wp\/v2\/pages"}],"about":[{"href":"https:\/\/formation-conseil.net\/wordpress\/index.php\/wp-json\/wp\/v2\/types\/page"}],"author":[{"embeddable":true,"href":"https:\/\/formation-conseil.net\/wordpress\/index.php\/wp-json\/wp\/v2\/users\/1"}],"replies":[{"embeddable":true,"href":"https:\/\/formation-conseil.net\/wordpress\/index.php\/wp-json\/wp\/v2\/comments?post=2"}],"version-history":[{"count":61,"href":"https:\/\/formation-conseil.net\/wordpress\/index.php\/wp-json\/wp\/v2\/pages\/2\/revisions"}],"predecessor-version":[{"id":181,"href":"https:\/\/formation-conseil.net\/wordpress\/index.php\/wp-json\/wp\/v2\/pages\/2\/revisions\/181"}],"wp:attachment":[{"href":"https:\/\/formation-conseil.net\/wordpress\/index.php\/wp-json\/wp\/v2\/media?parent=2"}],"curies":[{"name":"wp","href":"https:\/\/api.w.org\/{rel}","templated":true}]}}