{"id":26,"date":"2018-08-25T20:58:42","date_gmt":"2018-08-25T18:58:42","guid":{"rendered":"http:\/\/formation-conseil.net\/wordpress\/?page_id=26"},"modified":"2024-07-24T19:04:02","modified_gmt":"2024-07-24T17:04:02","slug":"prendre-rendez-vous","status":"publish","type":"page","link":"https:\/\/formation-conseil.net\/wordpress\/index.php\/prendre-rendez-vous\/","title":{"rendered":"Prendre rendez-vous"},"content":{"rendered":"<p style=\"text-align: center;\"><strong>Nou contacter pour prendre rendez-vous :<\/strong><\/p>\n<p style=\"text-align: center;\">DM Consulting &#8211; Immeuble OCW<br \/>\n37, rue Paul Bovier Lapierre<br \/>\n69530 Brignais<br \/>\nTel : +33-(0)6-58-17-9-72<\/p>\n<p style=\"text-align: center;\">Un\u00a0rendez-vous dure environ\u00a01H30. Cr\u00e9neaux horaires possibles :<\/p>\n<ul>\n<li>9H &#8211; 10H30,<\/li>\n<li>11H &#8211; 12H30,<\/li>\n<li>13H &#8211; 15H30,<\/li>\n<li>16H &#8211; 17H30.<\/li>\n<\/ul>\n<p style=\"text-align: center;\"><iframe style=\"border: solid 1px #777;\" src=\"https:\/\/www.google.com\/calendar\/embed?title=Emploi%20du%20temps%20de%20David%20Martin&amp;height=500&amp;wkst=2&amp;hl=fr&amp;bgcolor=%23FFFFFF&amp;src=davidmartinconsultant%40gmail.com&amp;color=%23711616&amp;src=fr.french%23holiday%40group.v.calendar.google.com&amp;color=%2342104A&amp;src=p%23weather%40group.v.calendar.google.com&amp;color=%23B1440E&amp;src=p%23weeknum%40group.v.calendar.google.com&amp;color=%23875509&amp;ctz=Europe%2FParis\" width=\"700\" height=\"500\" frameborder=\"0\" scrolling=\"no\"><\/iframe><\/p>\n<p style=\"text-align: center;\">\n<hr \/>\n<p style=\"text-align: center;\"><strong>Zone d&rsquo;intervention \/ Acc\u00e8s \u00e0 DM Consulting (Brignais &#8211; Rh\u00f4ne &#8211; France)<\/strong><\/p>\n<p style=\"text-align: center;\"><iframe src=\"https:\/\/www.google.com\/maps\/d\/embed?mid=1hXAf2ZQhQ4ZTS-fpdUS2_fMktVA\" width=\"700\" height=\"350\" data-mce-fragment=\"1\"><\/iframe><\/p>\n","protected":false},"excerpt":{"rendered":"<p>Nou contacter pour prendre rendez-vous : DM Consulting &#8211; Immeuble OCW 37, rue Paul Bovier Lapierre 69530 Brignais Tel : +33-(0)6-58-17-9-72 Un\u00a0rendez-vous dure environ\u00a01H30. Cr\u00e9neaux horaires possibles : 9H &#8211; 10H30, 11H &#8211; 12H30, 13H &#8211; 15H30, 16H &#8211; 17H30. Zone d&rsquo;intervention \/ Acc\u00e8s \u00e0 DM Consulting (Brignais &#8211; Rh\u00f4ne &#8211; France)<\/p>\n","protected":false},"author":1,"featured_media":39,"parent":0,"menu_order":0,"comment_status":"closed","ping_status":"closed","template":"","meta":{"footnotes":""},"class_list":["post-26","page","type-page","status-publish","has-post-thumbnail","hentry"],"_links":{"self":[{"href":"https:\/\/formation-conseil.net\/wordpress\/index.php\/wp-json\/wp\/v2\/pages\/26","targetHints":{"allow":["GET"]}}],"collection":[{"href":"https:\/\/formation-conseil.net\/wordpress\/index.php\/wp-json\/wp\/v2\/pages"}],"about":[{"href":"https:\/\/formation-conseil.net\/wordpress\/index.php\/wp-json\/wp\/v2\/types\/page"}],"author":[{"embeddable":true,"href":"https:\/\/formation-conseil.net\/wordpress\/index.php\/wp-json\/wp\/v2\/users\/1"}],"replies":[{"embeddable":true,"href":"https:\/\/formation-conseil.net\/wordpress\/index.php\/wp-json\/wp\/v2\/comments?post=26"}],"version-history":[{"count":8,"href":"https:\/\/formation-conseil.net\/wordpress\/index.php\/wp-json\/wp\/v2\/pages\/26\/revisions"}],"predecessor-version":[{"id":182,"href":"https:\/\/formation-conseil.net\/wordpress\/index.php\/wp-json\/wp\/v2\/pages\/26\/revisions\/182"}],"wp:featuredmedia":[{"embeddable":true,"href":"https:\/\/formation-conseil.net\/wordpress\/index.php\/wp-json\/wp\/v2\/media\/39"}],"wp:attachment":[{"href":"https:\/\/formation-conseil.net\/wordpress\/index.php\/wp-json\/wp\/v2\/media?parent=26"}],"curies":[{"name":"wp","href":"https:\/\/api.w.org\/{rel}","templated":true}]}}