{"id":35,"date":"2018-08-26T04:31:17","date_gmt":"2018-08-26T02:31:17","guid":{"rendered":"http:\/\/formation-conseil.net\/wordpress\/?page_id=35"},"modified":"2021-11-15T03:18:55","modified_gmt":"2021-11-15T02:18:55","slug":"references","status":"publish","type":"page","link":"https:\/\/formation-conseil.net\/wordpress\/index.php\/references\/","title":{"rendered":"R\u00e9f\u00e9rences"},"content":{"rendered":"<p align=\"justify\"><strong><img fetchpriority=\"high\" decoding=\"async\" class=\"alignleft size-medium wp-image-168\" src=\"https:\/\/formation-conseil.net\/wordpress\/wp-content\/uploads\/2021\/11\/1-232x300.jpg\" alt=\"\" width=\"232\" height=\"300\" srcset=\"https:\/\/formation-conseil.net\/wordpress\/wp-content\/uploads\/2021\/11\/1-232x300.jpg 232w, https:\/\/formation-conseil.net\/wordpress\/wp-content\/uploads\/2021\/11\/1-793x1024.jpg 793w, https:\/\/formation-conseil.net\/wordpress\/wp-content\/uploads\/2021\/11\/1-768x992.jpg 768w, https:\/\/formation-conseil.net\/wordpress\/wp-content\/uploads\/2021\/11\/1-1189x1536.jpg 1189w, https:\/\/formation-conseil.net\/wordpress\/wp-content\/uploads\/2021\/11\/1.jpg 1585w\" sizes=\"(max-width: 232px) 100vw, 232px\" \/>David Martin.<\/strong> Entrepreneur sur le secteur de la formation et du conseil informatique, avec plus de 20 ans d&rsquo;exp\u00e9rience.<\/p>\n<p align=\"justify\"><em>\u00ab\u00a0D\u00e8s 1997, j&rsquo;ai particip\u00e9 \u00e0 la fondation de TACTIC, structure que j&rsquo;ai dirig\u00e9 pendant 8 ans et qui proposait des formations informatiques aux publics des structures sociales partenaires. J&rsquo;ai ensuite co-fond\u00e9, en 2007, la SARL SCOP CYBER ODYSSEE dont je fus le g\u00e9rant et qui reprenait la philosophie de TACTIC, tout en l&rsquo;ouvrant totalement au monde des affaires et du commerce. Cyber Odyss\u00e9e \u00e9tait une coop&rsquo; de formateurs et un centre de formation aux logiciels de bureautique, de PAO et de 3D. Riche de ces exp\u00e9riences, j&rsquo;ai lanc\u00e9, en f\u00e9vrier 2014, mon propre cabinet de Consultant : DM CONSULTING.\u00a0\u00bb<\/em><\/p>\n<p align=\"justify\">DM Consulting intervient en tant que consultant aupr\u00e8s de tous types d&rsquo;entreprises : de la TPE locale \u00e0 la multinationale en passant par les PME &#8211; PMI ou Start-up en plein d\u00e9veloppement.<\/p>\n<p><strong>Quelques r\u00e9alisations, dans le cadre de FRANCE NUM (2021) :<\/strong><\/p>\n<ul>\n<li><a href=\"https:\/\/mektoubdeco.com\/\" target=\"_blank\" rel=\"noopener\">Mektoub deco<\/a><\/li>\n<li><a href=\"https:\/\/naileditbyadeline.com\/\" target=\"_blank\" rel=\"noopener\">NailedItByAdeline<\/a><\/li>\n<li><a href=\"https:\/\/rolanddauxois.fr\/\" target=\"_blank\" rel=\"noopener\">Artiste peintre Roland Dauxois<\/a><\/li>\n<li>P<a href=\"https:\/\/poul-ete.com\" target=\"_blank\" rel=\"noopener\">oul&rsquo;ete<\/a><\/li>\n<li><a href=\"https:\/\/rdmeca.com\/\" target=\"_blank\" rel=\"noopener\">RD Meca Moto<\/a><\/li>\n<li><a href=\"https:\/\/audreypennel.fr\/\" target=\"_blank\" rel=\"noopener\">Audrey Pennel, docteure en histoire de l&rsquo;art, experte aupr\u00e8s des commissaires priseurs<\/a><\/li>\n<\/ul>\n<p style=\"text-align: center;\" align=\"justify\"><img decoding=\"async\" class=\"aligncenter size-full wp-image-157\" src=\"https:\/\/formation-conseil.net\/wordpress\/wp-content\/uploads\/2020\/12\/references-dm-consulting.jpg\" alt=\"\" width=\"1000\" height=\"1000\" srcset=\"https:\/\/formation-conseil.net\/wordpress\/wp-content\/uploads\/2020\/12\/references-dm-consulting.jpg 1000w, https:\/\/formation-conseil.net\/wordpress\/wp-content\/uploads\/2020\/12\/references-dm-consulting-300x300.jpg 300w, https:\/\/formation-conseil.net\/wordpress\/wp-content\/uploads\/2020\/12\/references-dm-consulting-150x150.jpg 150w, https:\/\/formation-conseil.net\/wordpress\/wp-content\/uploads\/2020\/12\/references-dm-consulting-768x768.jpg 768w, https:\/\/formation-conseil.net\/wordpress\/wp-content\/uploads\/2020\/12\/references-dm-consulting-100x100.jpg 100w\" sizes=\"(max-width: 706px) 89vw, (max-width: 767px) 82vw, 740px\" \/><\/p>\n","protected":false},"excerpt":{"rendered":"<p>David Martin. Entrepreneur sur le secteur de la formation et du conseil informatique, avec plus de 20 ans d&rsquo;exp\u00e9rience. \u00ab\u00a0D\u00e8s 1997, j&rsquo;ai particip\u00e9 \u00e0 la fondation de TACTIC, structure que j&rsquo;ai dirig\u00e9 pendant 8 ans et qui proposait des formations informatiques aux publics des structures sociales partenaires. J&rsquo;ai ensuite co-fond\u00e9, en 2007, la SARL SCOP &hellip; <\/p>\n<p class=\"link-more\"><a href=\"https:\/\/formation-conseil.net\/wordpress\/index.php\/references\/\" class=\"more-link\">Continuer la lecture<span class=\"screen-reader-text\"> de &laquo;&nbsp;R\u00e9f\u00e9rences&nbsp;&raquo;<\/span><\/a><\/p>\n","protected":false},"author":1,"featured_media":47,"parent":0,"menu_order":0,"comment_status":"closed","ping_status":"closed","template":"","meta":{"footnotes":""},"class_list":["post-35","page","type-page","status-publish","has-post-thumbnail","hentry"],"_links":{"self":[{"href":"https:\/\/formation-conseil.net\/wordpress\/index.php\/wp-json\/wp\/v2\/pages\/35","targetHints":{"allow":["GET"]}}],"collection":[{"href":"https:\/\/formation-conseil.net\/wordpress\/index.php\/wp-json\/wp\/v2\/pages"}],"about":[{"href":"https:\/\/formation-conseil.net\/wordpress\/index.php\/wp-json\/wp\/v2\/types\/page"}],"author":[{"embeddable":true,"href":"https:\/\/formation-conseil.net\/wordpress\/index.php\/wp-json\/wp\/v2\/users\/1"}],"replies":[{"embeddable":true,"href":"https:\/\/formation-conseil.net\/wordpress\/index.php\/wp-json\/wp\/v2\/comments?post=35"}],"version-history":[{"count":5,"href":"https:\/\/formation-conseil.net\/wordpress\/index.php\/wp-json\/wp\/v2\/pages\/35\/revisions"}],"predecessor-version":[{"id":169,"href":"https:\/\/formation-conseil.net\/wordpress\/index.php\/wp-json\/wp\/v2\/pages\/35\/revisions\/169"}],"wp:featuredmedia":[{"embeddable":true,"href":"https:\/\/formation-conseil.net\/wordpress\/index.php\/wp-json\/wp\/v2\/media\/47"}],"wp:attachment":[{"href":"https:\/\/formation-conseil.net\/wordpress\/index.php\/wp-json\/wp\/v2\/media?parent=35"}],"curies":[{"name":"wp","href":"https:\/\/api.w.org\/{rel}","templated":true}]}}